{"id":1220,"date":"2022-04-12T15:19:58","date_gmt":"2022-04-12T13:19:58","guid":{"rendered":"https:\/\/reinhold-beitlich-stiftung.de\/imprint\/"},"modified":"2023-12-29T22:29:23","modified_gmt":"2023-12-29T21:29:23","slug":"imprint","status":"publish","type":"page","link":"https:\/\/www.reinhold-beitlich-stiftung.de\/en\/imprint\/","title":{"rendered":"Imprint"},"content":{"rendered":"\t\t<div data-elementor-type=\"wp-page\" data-elementor-id=\"1220\" class=\"elementor elementor-1220 elementor-700\" data-elementor-post-type=\"page\">\n\t\t\t\t\t\t<section class=\"elementor-section elementor-top-section elementor-element elementor-element-7654b20 elementor-section-height-min-height elementor-section-content-bottom elementor-section-items-bottom elementor-section-boxed elementor-section-height-default\" data-id=\"7654b20\" data-element_type=\"section\" data-settings=\"{&quot;background_background&quot;:&quot;classic&quot;,&quot;background_motion_fx_motion_fx_scrolling&quot;:&quot;yes&quot;,&quot;background_motion_fx_translateY_effect&quot;:&quot;yes&quot;,&quot;background_motion_fx_translateY_speed&quot;:{&quot;unit&quot;:&quot;px&quot;,&quot;size&quot;:4,&quot;sizes&quot;:[]},&quot;background_motion_fx_translateY_affectedRange&quot;:{&quot;unit&quot;:&quot;%&quot;,&quot;size&quot;:&quot;&quot;,&quot;sizes&quot;:{&quot;start&quot;:0,&quot;end&quot;:100}},&quot;background_motion_fx_devices&quot;:[&quot;desktop&quot;,&quot;tablet&quot;,&quot;mobile&quot;]}\">\n\t\t\t\t\t\t\t<div class=\"elementor-background-overlay\"><\/div>\n\t\t\t\t\t\t\t<div class=\"elementor-container elementor-column-gap-no\">\n\t\t\t\t\t<div class=\"elementor-column elementor-col-100 elementor-top-column elementor-element elementor-element-84ecc6e\" data-id=\"84ecc6e\" data-element_type=\"column\">\n\t\t\t<div class=\"elementor-widget-wrap elementor-element-populated\">\n\t\t\t\t\t\t<div class=\"elementor-element elementor-element-5a51642 elementor-widget elementor-widget-heading\" data-id=\"5a51642\" data-element_type=\"widget\" data-widget_type=\"heading.default\">\n\t\t\t\t<div class=\"elementor-widget-container\">\n\t\t\t<h6 class=\"elementor-heading-title elementor-size-default\">REINHOLD BEITLICH FOUNDATION<\/h6>\t\t<\/div>\n\t\t\t\t<\/div>\n\t\t\t\t<div class=\"elementor-element elementor-element-6b189d5 elementor-widget elementor-widget-heading\" data-id=\"6b189d5\" data-element_type=\"widget\" data-widget_type=\"heading.default\">\n\t\t\t\t<div class=\"elementor-widget-container\">\n\t\t\t<h1 class=\"elementor-heading-title elementor-size-default\">Imprint<\/h1>\t\t<\/div>\n\t\t\t\t<\/div>\n\t\t\t\t\t<\/div>\n\t\t<\/div>\n\t\t\t\t\t<\/div>\n\t\t<\/section>\n\t\t\t\t<section class=\"elementor-section elementor-top-section elementor-element elementor-element-add0515 elementor-section-boxed elementor-section-height-default elementor-section-height-default\" data-id=\"add0515\" data-element_type=\"section\" data-settings=\"{&quot;background_background&quot;:&quot;classic&quot;}\">\n\t\t\t\t\t\t\t<div class=\"elementor-background-overlay\"><\/div>\n\t\t\t\t\t\t\t<div class=\"elementor-container elementor-column-gap-no\">\n\t\t\t\t\t<div class=\"elementor-column elementor-col-100 elementor-top-column elementor-element elementor-element-2a09f1b\" data-id=\"2a09f1b\" data-element_type=\"column\">\n\t\t\t<div class=\"elementor-widget-wrap elementor-element-populated\">\n\t\t\t\t\t\t<div class=\"elementor-element elementor-element-3d7d700 elementor-widget elementor-widget-text-editor\" data-id=\"3d7d700\" data-element_type=\"widget\" data-widget_type=\"text-editor.default\">\n\t\t\t\t<div class=\"elementor-widget-container\">\n\t\t\t\t\t\t\t<h5>Responsible for the content of this website:<\/h5>\n<p>Reinhold Beitlich Foundation<br \/>T\u00fcbingen<\/p>\n<p><strong>Represented by the board of directors:<\/strong><br \/>Hannelore Presch, Hubert Bosch, J\u00fcrgen Schmid, Claudia Scherzinger <\/p>\n<p><strong>Address:<\/strong><br \/>Reinhold-Beitlich-Stiftung<br \/>Bismarckstrasse 102<br \/>P.O. Box 1280<br \/>72072 T\u00fcbingen\/Germany<\/p>\n<p><strong>Phone:<\/strong><br \/>+49 (0)7473 272416 (Hannelore Presch)<br \/>+49 (0)171 8665265 (J\u00fcrgen Schmid)<br \/>+49 (0)7433 384646 (Hubert Bosch)<br \/>+49 (0)176 29698366 (Claudia Scherzinger)<\/p>\n<p><strong>e-mail:<\/strong><\/p>\n<p><a href=\"mailto:info@reinhold-beitlich-stiftung.de\">info@reinhold-beitlich-stiftung.de<\/a><\/p>\n<p><a href=\"mailto:hannelore.presch@reinhold-beitlich-stiftung.de\">hannelore.presch@reinhold-beitlich-stiftung.de<\/a><\/p>\n<p><a href=\"mailto:hubert.bosch@reinhold-beitlich-stiftung.de\">hubert.bosch@reinhold-beitlich-stiftung.de<\/a><\/p>\n<p><a href=\"mailto:juergen.schmid@reinhold-beitlich-stiftung.de\">juergen.schmid@reinhold-beitlich-stiftung.de<\/a><\/p>\n<p><a class=\"css-tgpl01\" title=\"mailto:claudia.scherzinger@reinhold-beitlich-stiftung.de\" href=\"mailto:claudia.scherzinger@reinhold-beitlich-stiftung.de\" data-testid=\"link-with-safety\" data-renderer-mark=\"true\">claudia.scherzinger@reinhold-beitlich-stiftung.de<\/a><\/p>\n<p><strong><br \/>Website:<\/strong><br \/>www.reinhold-beitlich-stiftung.de<\/p>\n<p><strong><br \/>Foundation Headquarters:<\/strong><br \/>T\u00fcbingen, Germany<\/p>\n\t\t\t\t\t\t<\/div>\n\t\t\t\t<\/div>\n\t\t\t\t\t<\/div>\n\t\t<\/div>\n\t\t\t\t\t<\/div>\n\t\t<\/section>\n\t\t\t\t<\/div>\n\t\t","protected":false},"excerpt":{"rendered":"<p>REINHOLD BEITLICH FOUNDATION Imprint Responsible for the content of this website: Reinhold Beitlich FoundationT\u00fcbingen Represented by the board of directors:Hannelore Presch, Hubert Bosch, J\u00fcrgen Schmid, Claudia Scherzinger Address:Reinhold-Beitlich-StiftungBismarckstrasse 102P.O. Box 128072072 T\u00fcbingen\/Germany Phone:+49 (0)7473 272416 (Hannelore Presch)+49 (0)171 8665265 (J\u00fcrgen Schmid)+49 (0)7433 384646 (Hubert Bosch)+49 (0)176 29698366 (Claudia Scherzinger) e-mail: info@reinhold-beitlich-stiftung.de hannelore.presch@reinhold-beitlich-stiftung.de hubert.bosch@reinhold-beitlich-stiftung.de juergen.schmid@reinhold-beitlich-stiftung.de claudia.scherzinger@reinhold-beitlich-stiftung.de [&hellip;]<\/p>\n","protected":false},"author":2,"featured_media":0,"parent":0,"menu_order":0,"comment_status":"closed","ping_status":"closed","template":"","meta":{"_acf_changed":false,"site-sidebar-layout":"no-sidebar","site-content-layout":"page-builder","ast-site-content-layout":"","site-content-style":"default","site-sidebar-style":"default","ast-global-header-display":"","ast-banner-title-visibility":"","ast-main-header-display":"","ast-hfb-above-header-display":"","ast-hfb-below-header-display":"","ast-hfb-mobile-header-display":"","site-post-title":"disabled","ast-breadcrumbs-content":"disabled","ast-featured-img":"disabled","footer-sml-layout":"","theme-transparent-header-meta":"enabled","adv-header-id-meta":"","stick-header-meta":"","header-above-stick-meta":"","header-main-stick-meta":"","header-below-stick-meta":"","astra-migrate-meta-layouts":"default","ast-page-background-enabled":"default","ast-page-background-meta":{"desktop":{"background-color":"","background-image":"","background-repeat":"repeat","background-position":"center center","background-size":"auto","background-attachment":"scroll","background-type":"","background-media":"","overlay-type":"","overlay-color":"","overlay-opacity":"","overlay-gradient":""},"tablet":{"background-color":"","background-image":"","background-repeat":"repeat","background-position":"center center","background-size":"auto","background-attachment":"scroll","background-type":"","background-media":"","overlay-type":"","overlay-color":"","overlay-opacity":"","overlay-gradient":""},"mobile":{"background-color":"","background-image":"","background-repeat":"repeat","background-position":"center center","background-size":"auto","background-attachment":"scroll","background-type":"","background-media":"","overlay-type":"","overlay-color":"","overlay-opacity":"","overlay-gradient":""}},"ast-content-background-meta":{"desktop":{"background-color":"var(--ast-global-color-5)","background-image":"","background-repeat":"repeat","background-position":"center center","background-size":"auto","background-attachment":"scroll","background-type":"","background-media":"","overlay-type":"","overlay-color":"","overlay-opacity":"","overlay-gradient":""},"tablet":{"background-color":"var(--ast-global-color-5)","background-image":"","background-repeat":"repeat","background-position":"center center","background-size":"auto","background-attachment":"scroll","background-type":"","background-media":"","overlay-type":"","overlay-color":"","overlay-opacity":"","overlay-gradient":""},"mobile":{"background-color":"var(--ast-global-color-5)","background-image":"","background-repeat":"repeat","background-position":"center center","background-size":"auto","background-attachment":"scroll","background-type":"","background-media":"","overlay-type":"","overlay-color":"","overlay-opacity":"","overlay-gradient":""}},"footnotes":""},"acf":[],"yoast_head":"<!-- This site is optimized with the Yoast SEO plugin v22.8 - https:\/\/yoast.com\/wordpress\/plugins\/seo\/ -->\n<title>Imprint - Reinhold Beitlich Stiftung<\/title>\n<meta name=\"robots\" content=\"index, follow, max-snippet:-1, max-image-preview:large, max-video-preview:-1\" \/>\n<link rel=\"canonical\" href=\"https:\/\/www.reinhold-beitlich-stiftung.de\/en\/imprint\/\" \/>\n<meta property=\"og:locale\" content=\"en_US\" \/>\n<meta property=\"og:type\" content=\"article\" \/>\n<meta property=\"og:title\" content=\"Imprint - Reinhold Beitlich Stiftung\" \/>\n<meta property=\"og:description\" content=\"REINHOLD BEITLICH FOUNDATION Imprint Responsible for the content of this website: Reinhold Beitlich FoundationT\u00fcbingen Represented by the board of directors:Hannelore Presch, Hubert Bosch, J\u00fcrgen Schmid, Claudia Scherzinger Address:Reinhold-Beitlich-StiftungBismarckstrasse 102P.O. Box 128072072 T\u00fcbingen\/Germany Phone:+49 (0)7473 272416 (Hannelore Presch)+49 (0)171 8665265 (J\u00fcrgen Schmid)+49 (0)7433 384646 (Hubert Bosch)+49 (0)176 29698366 (Claudia Scherzinger) e-mail: info@reinhold-beitlich-stiftung.de hannelore.presch@reinhold-beitlich-stiftung.de hubert.bosch@reinhold-beitlich-stiftung.de juergen.schmid@reinhold-beitlich-stiftung.de claudia.scherzinger@reinhold-beitlich-stiftung.de [&hellip;]\" \/>\n<meta property=\"og:url\" content=\"https:\/\/www.reinhold-beitlich-stiftung.de\/en\/imprint\/\" \/>\n<meta property=\"og:site_name\" content=\"Reinhold Beitlich Stiftung\" \/>\n<meta property=\"article:modified_time\" content=\"2023-12-29T21:29:23+00:00\" \/>\n<meta name=\"twitter:card\" content=\"summary_large_image\" \/>\n<script type=\"application\/ld+json\" class=\"yoast-schema-graph\">{\"@context\":\"https:\/\/schema.org\",\"@graph\":[{\"@type\":\"WebPage\",\"@id\":\"https:\/\/www.reinhold-beitlich-stiftung.de\/en\/imprint\/\",\"url\":\"https:\/\/www.reinhold-beitlich-stiftung.de\/en\/imprint\/\",\"name\":\"Imprint - Reinhold Beitlich Stiftung\",\"isPartOf\":{\"@id\":\"https:\/\/www.reinhold-beitlich-stiftung.de\/en\/#website\"},\"datePublished\":\"2022-04-12T13:19:58+00:00\",\"dateModified\":\"2023-12-29T21:29:23+00:00\",\"breadcrumb\":{\"@id\":\"https:\/\/www.reinhold-beitlich-stiftung.de\/en\/imprint\/#breadcrumb\"},\"inLanguage\":\"en-US\",\"potentialAction\":[{\"@type\":\"ReadAction\",\"target\":[\"https:\/\/www.reinhold-beitlich-stiftung.de\/en\/imprint\/\"]}]},{\"@type\":\"BreadcrumbList\",\"@id\":\"https:\/\/www.reinhold-beitlich-stiftung.de\/en\/imprint\/#breadcrumb\",\"itemListElement\":[{\"@type\":\"ListItem\",\"position\":1,\"name\":\"Home\",\"item\":\"https:\/\/www.reinhold-beitlich-stiftung.de\/en\/children-are-our-future-one-day-they-will-determine-the-path-our-society-will-take-in-the-future\/\"},{\"@type\":\"ListItem\",\"position\":2,\"name\":\"Imprint\"}]},{\"@type\":\"WebSite\",\"@id\":\"https:\/\/www.reinhold-beitlich-stiftung.de\/en\/#website\",\"url\":\"https:\/\/www.reinhold-beitlich-stiftung.de\/en\/\",\"name\":\"Reinhold Beitlich Stiftung\",\"description\":\"\",\"publisher\":{\"@id\":\"https:\/\/www.reinhold-beitlich-stiftung.de\/en\/#organization\"},\"potentialAction\":[{\"@type\":\"SearchAction\",\"target\":{\"@type\":\"EntryPoint\",\"urlTemplate\":\"https:\/\/www.reinhold-beitlich-stiftung.de\/en\/?s={search_term_string}\"},\"query-input\":\"required name=search_term_string\"}],\"inLanguage\":\"en-US\"},{\"@type\":\"Organization\",\"@id\":\"https:\/\/www.reinhold-beitlich-stiftung.de\/en\/#organization\",\"name\":\"Reinhold Beitlich Stiftung\",\"url\":\"https:\/\/www.reinhold-beitlich-stiftung.de\/en\/\",\"logo\":{\"@type\":\"ImageObject\",\"inLanguage\":\"en-US\",\"@id\":\"https:\/\/www.reinhold-beitlich-stiftung.de\/en\/#\/schema\/logo\/image\/\",\"url\":\"https:\/\/www.reinhold-beitlich-stiftung.de\/wp-content\/uploads\/2022\/04\/ReinholdBeitlichStiftung_logo.png\",\"contentUrl\":\"https:\/\/www.reinhold-beitlich-stiftung.de\/wp-content\/uploads\/2022\/04\/ReinholdBeitlichStiftung_logo.png\",\"width\":802,\"height\":330,\"caption\":\"Reinhold Beitlich Stiftung\"},\"image\":{\"@id\":\"https:\/\/www.reinhold-beitlich-stiftung.de\/en\/#\/schema\/logo\/image\/\"}}]}<\/script>\n<!-- \/ Yoast SEO plugin. -->","yoast_head_json":{"title":"Imprint - Reinhold Beitlich Stiftung","robots":{"index":"index","follow":"follow","max-snippet":"max-snippet:-1","max-image-preview":"max-image-preview:large","max-video-preview":"max-video-preview:-1"},"canonical":"https:\/\/www.reinhold-beitlich-stiftung.de\/en\/imprint\/","og_locale":"en_US","og_type":"article","og_title":"Imprint - Reinhold Beitlich Stiftung","og_description":"REINHOLD BEITLICH FOUNDATION Imprint Responsible for the content of this website: Reinhold Beitlich FoundationT\u00fcbingen Represented by the board of directors:Hannelore Presch, Hubert Bosch, J\u00fcrgen Schmid, Claudia Scherzinger Address:Reinhold-Beitlich-StiftungBismarckstrasse 102P.O. Box 128072072 T\u00fcbingen\/Germany Phone:+49 (0)7473 272416 (Hannelore Presch)+49 (0)171 8665265 (J\u00fcrgen Schmid)+49 (0)7433 384646 (Hubert Bosch)+49 (0)176 29698366 (Claudia Scherzinger) e-mail: info@reinhold-beitlich-stiftung.de hannelore.presch@reinhold-beitlich-stiftung.de hubert.bosch@reinhold-beitlich-stiftung.de juergen.schmid@reinhold-beitlich-stiftung.de claudia.scherzinger@reinhold-beitlich-stiftung.de [&hellip;]","og_url":"https:\/\/www.reinhold-beitlich-stiftung.de\/en\/imprint\/","og_site_name":"Reinhold Beitlich Stiftung","article_modified_time":"2023-12-29T21:29:23+00:00","twitter_card":"summary_large_image","schema":{"@context":"https:\/\/schema.org","@graph":[{"@type":"WebPage","@id":"https:\/\/www.reinhold-beitlich-stiftung.de\/en\/imprint\/","url":"https:\/\/www.reinhold-beitlich-stiftung.de\/en\/imprint\/","name":"Imprint - Reinhold Beitlich Stiftung","isPartOf":{"@id":"https:\/\/www.reinhold-beitlich-stiftung.de\/en\/#website"},"datePublished":"2022-04-12T13:19:58+00:00","dateModified":"2023-12-29T21:29:23+00:00","breadcrumb":{"@id":"https:\/\/www.reinhold-beitlich-stiftung.de\/en\/imprint\/#breadcrumb"},"inLanguage":"en-US","potentialAction":[{"@type":"ReadAction","target":["https:\/\/www.reinhold-beitlich-stiftung.de\/en\/imprint\/"]}]},{"@type":"BreadcrumbList","@id":"https:\/\/www.reinhold-beitlich-stiftung.de\/en\/imprint\/#breadcrumb","itemListElement":[{"@type":"ListItem","position":1,"name":"Home","item":"https:\/\/www.reinhold-beitlich-stiftung.de\/en\/children-are-our-future-one-day-they-will-determine-the-path-our-society-will-take-in-the-future\/"},{"@type":"ListItem","position":2,"name":"Imprint"}]},{"@type":"WebSite","@id":"https:\/\/www.reinhold-beitlich-stiftung.de\/en\/#website","url":"https:\/\/www.reinhold-beitlich-stiftung.de\/en\/","name":"Reinhold Beitlich Stiftung","description":"","publisher":{"@id":"https:\/\/www.reinhold-beitlich-stiftung.de\/en\/#organization"},"potentialAction":[{"@type":"SearchAction","target":{"@type":"EntryPoint","urlTemplate":"https:\/\/www.reinhold-beitlich-stiftung.de\/en\/?s={search_term_string}"},"query-input":"required name=search_term_string"}],"inLanguage":"en-US"},{"@type":"Organization","@id":"https:\/\/www.reinhold-beitlich-stiftung.de\/en\/#organization","name":"Reinhold Beitlich Stiftung","url":"https:\/\/www.reinhold-beitlich-stiftung.de\/en\/","logo":{"@type":"ImageObject","inLanguage":"en-US","@id":"https:\/\/www.reinhold-beitlich-stiftung.de\/en\/#\/schema\/logo\/image\/","url":"https:\/\/www.reinhold-beitlich-stiftung.de\/wp-content\/uploads\/2022\/04\/ReinholdBeitlichStiftung_logo.png","contentUrl":"https:\/\/www.reinhold-beitlich-stiftung.de\/wp-content\/uploads\/2022\/04\/ReinholdBeitlichStiftung_logo.png","width":802,"height":330,"caption":"Reinhold Beitlich Stiftung"},"image":{"@id":"https:\/\/www.reinhold-beitlich-stiftung.de\/en\/#\/schema\/logo\/image\/"}}]}},"_links":{"self":[{"href":"https:\/\/www.reinhold-beitlich-stiftung.de\/en\/wp-json\/wp\/v2\/pages\/1220"}],"collection":[{"href":"https:\/\/www.reinhold-beitlich-stiftung.de\/en\/wp-json\/wp\/v2\/pages"}],"about":[{"href":"https:\/\/www.reinhold-beitlich-stiftung.de\/en\/wp-json\/wp\/v2\/types\/page"}],"author":[{"embeddable":true,"href":"https:\/\/www.reinhold-beitlich-stiftung.de\/en\/wp-json\/wp\/v2\/users\/2"}],"replies":[{"embeddable":true,"href":"https:\/\/www.reinhold-beitlich-stiftung.de\/en\/wp-json\/wp\/v2\/comments?post=1220"}],"version-history":[{"count":4,"href":"https:\/\/www.reinhold-beitlich-stiftung.de\/en\/wp-json\/wp\/v2\/pages\/1220\/revisions"}],"predecessor-version":[{"id":2043,"href":"https:\/\/www.reinhold-beitlich-stiftung.de\/en\/wp-json\/wp\/v2\/pages\/1220\/revisions\/2043"}],"wp:attachment":[{"href":"https:\/\/www.reinhold-beitlich-stiftung.de\/en\/wp-json\/wp\/v2\/media?parent=1220"}],"curies":[{"name":"wp","href":"https:\/\/api.w.org\/{rel}","templated":true}]}}